{"id":150,"date":"2021-11-01T22:15:59","date_gmt":"2021-11-01T21:15:59","guid":{"rendered":"https:\/\/targetfundiy.it\/?page_id=150"},"modified":"2021-11-01T22:30:19","modified_gmt":"2021-11-01T21:30:19","slug":"codice-colore-resistenze","status":"publish","type":"page","link":"https:\/\/targetfundiy.it\/index.php\/strumenti\/codice-colore-resistenze\/","title":{"rendered":"Codice colore resistenze"},"content":{"rendered":"\n<p>Le resistenze sono tra i componenti elettronici pi\u00f9 utilizzati e capita spesso di dover consultare al volo il loro codice colore per determinarne il valore in Ohm.<br>Riportiamo qui di seguito una semplice tabella di riferimento.<br><\/p>\n\n\n\n<p class=\"has-medium-font-size\"><strong>Codice colore resistenze<\/strong><\/p>\n\n\n\n<div class=\"wp-block-image is-style-default\"><figure class=\"aligncenter is-resized\"><img loading=\"lazy\" src=\"https:\/\/www.drogbaster.it\/elettronica\/codice-colore-resistenze.jpg\" alt=\"codice colore resistenze 4\/5 bande\" width=\"453\" height=\"561\"\/><\/figure><\/div>\n\n\n\n<p>Vi consiglio anche il seguente link:<\/p>\n\n\n\n<p><a href=\"https:\/\/www.drogbaster.it\/ele.htm\">https:\/\/www.drogbaster.it\/ele.htm<\/a><\/p>\n\n\n\n<p>Dove \u00e8 disponibile un corso introduttivo all&#8217;elettronica, ottimo per chi voglia una prima infarinatura sull&#8217;argomento, da cui la tabella del codice colore resistenze  \u00e8 stata tratta. <\/p>\n\n\n\n<div class=\"wp-block-image\"><figure class=\"alignright size-full is-resized\"><img loading=\"lazy\" src=\"https:\/\/targetfundiy.it\/wp-content\/uploads\/2021\/11\/image.png\" alt=\"\" class=\"wp-image-160\" width=\"210\" height=\"153\" srcset=\"https:\/\/targetfundiy.it\/wp-content\/uploads\/2021\/11\/image.png 437w, https:\/\/targetfundiy.it\/wp-content\/uploads\/2021\/11\/image-300x218.png 300w\" sizes=\"(max-width: 210px) 100vw, 210px\" \/><\/figure><\/div>\n\n\n\n<p>Per chi  stia cominciando ad allestire un proprio laboratorio di elettronica inoltre, suggeriamo di reperire un <a href=\"https:\/\/amzn.to\/3by4DwA\" target=\"_blank\" rel=\"noreferrer noopener\">kit di resistenze assortite<\/a> che permetta di avere sempre a portata di mano il componente del giusto valore. <br>La stessa cosa pu\u00f2 essere fatta con tutti gli altri componenti elettronici, ma le resistenze sono indubbiamente uno dei componenti pi\u00f9 utilizzati e meno costosi ed \u00e8 quindi quello pi\u00f9 facile da procurarsi.<\/p>\n","protected":false},"excerpt":{"rendered":"<p>Le resistenze sono tra i componenti elettronici pi\u00f9 utilizzati e capita spesso di dover consultare al volo il loro codice colore per determinarne il valore in Ohm.Riportiamo qui di seguito una semplice tabella di riferimento. Codice colore resistenze Vi consiglio anche il seguente link: https:\/\/www.drogbaster.it\/ele.htm Dove \u00e8 disponibile un corso introduttivo all&#8217;elettronica, ottimo per chi [&hellip;]<\/p>\n","protected":false},"author":1,"featured_media":0,"parent":154,"menu_order":0,"comment_status":"closed","ping_status":"closed","template":"","meta":{"om_disable_all_campaigns":false,"_monsterinsights_skip_tracking":false,"_monsterinsights_sitenote_active":false,"_monsterinsights_sitenote_note":"","_monsterinsights_sitenote_category":0},"aioseo_notices":[],"_links":{"self":[{"href":"https:\/\/targetfundiy.it\/index.php\/wp-json\/wp\/v2\/pages\/150"}],"collection":[{"href":"https:\/\/targetfundiy.it\/index.php\/wp-json\/wp\/v2\/pages"}],"about":[{"href":"https:\/\/targetfundiy.it\/index.php\/wp-json\/wp\/v2\/types\/page"}],"author":[{"embeddable":true,"href":"https:\/\/targetfundiy.it\/index.php\/wp-json\/wp\/v2\/users\/1"}],"replies":[{"embeddable":true,"href":"https:\/\/targetfundiy.it\/index.php\/wp-json\/wp\/v2\/comments?post=150"}],"version-history":[{"count":5,"href":"https:\/\/targetfundiy.it\/index.php\/wp-json\/wp\/v2\/pages\/150\/revisions"}],"predecessor-version":[{"id":162,"href":"https:\/\/targetfundiy.it\/index.php\/wp-json\/wp\/v2\/pages\/150\/revisions\/162"}],"up":[{"embeddable":true,"href":"https:\/\/targetfundiy.it\/index.php\/wp-json\/wp\/v2\/pages\/154"}],"wp:attachment":[{"href":"https:\/\/targetfundiy.it\/index.php\/wp-json\/wp\/v2\/media?parent=150"}],"curies":[{"name":"wp","href":"https:\/\/api.w.org\/{rel}","templated":true}]}}